{"id":1526,"date":"2025-10-22T09:18:00","date_gmt":"2025-10-22T09:18:00","guid":{"rendered":"https:\/\/ppcbeton.ro\/?page_id=1526"},"modified":"2026-02-12T11:36:28","modified_gmt":"2026-02-12T11:36:28","slug":"anunt","status":"publish","type":"page","link":"https:\/\/ppcbeton.ro\/hu\/anunt\/","title":{"rendered":"H\u00cdrdet\u00e9s"},"content":{"rendered":"<div class=\"project-logos\">\n  <img decoding=\"async\" src=\"https:\/\/ppcbeton.ro\/wp-content\/uploads\/2025\/10\/Picture1-1.png\" alt=\"Cofinan\u021bat de Uniunea European\u0103\">\n  <img decoding=\"async\" src=\"https:\/\/ppcbeton.ro\/wp-content\/uploads\/2025\/10\/Picture2-1.jpg\" alt=\"Guvernul Rom\u00e2niei\">\n  <img decoding=\"async\" src=\"https:\/\/ppcbeton.ro\/wp-content\/uploads\/2025\/10\/Picture3-1.png\" alt=\"Programul Regiunea Centru 2021-2027\">\n<\/div>\n\n\n\n<p class=\"has-text-align-center\"><strong>Comunicat<\/strong><strong>&nbsp;<\/strong><strong>lansare<\/strong><strong> <\/strong><strong>proiect<\/strong><strong><\/strong><\/p>\n\n\n\n<p class=\"has-text-align-center\">ACHIZITIE DOTARI<\/p>\n\n\n\n<p><strong>Scopul proiectului: <\/strong>Obiectivul general al proiectului propus este:<\/p>\n\n\n\n<p>\u00abCresterea competitivitatii economice a companiei prin respectarea principiilor de dezvoltare durabila\u00bb.<\/p>\n\n\n\n<p><strong>Beneficiar: <\/strong><strong>PROD-PREST CONNECTION SRL<\/strong><\/p>\n\n\n\n<p><strong>Perioada de implementare: 17.02.2025-17.03.2026<\/strong><\/p>\n\n\n\n<figure class=\"wp-block-table\"><table class=\"has-fixed-layout\"><tbody><tr><td><strong>Valoarea total\u0103 a proiectului (Lei)<\/strong> <strong>6995736.89<\/strong><strong><\/strong><\/td><td><strong>Valoarea cofinan\u021b\u0103rii UE (lei)<\/strong> <strong>3593402.29<\/strong><strong><\/strong><\/td><\/tr><\/tbody><\/table><\/figure>\n\n\n\n<p><strong>Rezumat proiect \u0219i activit\u0103\u021bi:<\/strong><\/p>\n\n\n\n<p>PROD-PREST CONNECTION SRL anunta lansarea proiectului ACHIZITIE DOTARI finantat prin PR Centru.PRIORITATEA 1: O REGIUNE COMPETITIV\u0102 PRIN INOVARE \u0218I \u00ceNTREPRINDERI DINAMICE PENTRU O<\/p>\n\n\n\n<p>ECONOMIE INTELIGENT\u0102 OS 1.3 Intensificarea cre\u0219terii sustenabile \u0219i cre\u0219terea competitivit\u0103\u021bii IMM-urilor \u0219i crearea de locuri de munc\u0103 \u00een cadrul IMM-urilor, inclusiv prin investi\u021bii productive OS 1.4 Dezvoltarea competen\u021belor pentru specializare inteligent\u0103, tranzi\u021bie industrial\u0103 \u0219i antreprenoriat Ac\u021biunea 1.4 Cre\u0219terea IMM prin investi\u021bii, modernizare industrial\u0103, avans tehnologic \u0219i o economie sustenabil\u0103<\/p>\n\n\n\n<p>Interven\u021bia 1.4.1. Investi\u021bii tehnologice \u00een IMM-uri, contract 208\/17.02.2025.<\/p>\n\n\n\n<p>Prin proiect se vor achizitiona echipamente specifice activitatii de fabricare a betonului, active necorporale, cursuri de pregatire pentru angajati si instalatie pentru productia de energie.<\/p>\n\n\n\n<p>Cod SMIS: 317953.<\/p>\n\n\n\n<p>Proiectul sustine principiile de nediscriminare, reducerea excluziunii sociale, egalitatea de sanse si de gen precum si accesul la calificare si perfectionare profesionala.<\/p>\n\n\n\n<p><strong><br><\/strong><\/p>\n\n\n\n<p><strong>PROGRAMUL REGIUNEA CENTRU 2021-2027<\/strong><\/p>\n\n\n\n<div class=\"footer-logos\">\n  <img decoding=\"async\" class=\"logo-adr\" src=\"https:\/\/ppcbeton.ro\/wp-content\/uploads\/2025\/10\/Picture5-1.png\" alt=\"ADR Centru\">\n  <img decoding=\"async\" class=\"logo-slogan\" src=\"https:\/\/ppcbeton.ro\/wp-content\/uploads\/2025\/10\/Picture6-1.jpg\" alt=\"\u00cempreun\u0103 dezvolt\u0103m regiunea\">\n  <img decoding=\"async\" class=\"logo-ppc\" src=\"https:\/\/ppcbeton.ro\/wp-content\/uploads\/2025\/10\/Picture8-1.jpg\" alt=\"PPC Beton\">\n<\/div>\n\n<div class=\"project-footer-text\">\n  <p><strong>Autoritate de Management<\/strong><br>\n  Web: <a href=\"https:\/\/www.regiocentru.ro\" target=\"_blank\">www.regiocentru.ro<\/a><br>\n  E-mail: <a href=\"mailto:office@adrcentru.ro\">office@adrcentru.ro<\/a><\/p>\n\n  <p><strong>PROGRAMUL REGIUNEA CENTRU 2021\u20132027<\/strong><\/p>\n\n  <p><strong>Beneficiar finan\u021bare<\/strong><br>\n  Web: <a href=\"https:\/\/ppcbeton.ro\/hu\/\" target=\"_blank\">https:\/\/ppcbeton.ro<\/a><br>\n  E-mail: <a href=\"mailto:prodprestconnection@gmail.com\">prodprestconnection@gmail.com<\/a><\/p>\n<\/div>","protected":false},"excerpt":{"rendered":"<p>Comunicat&nbsp;lansare proiect ACHIZITIE DOTARI Scopul proiectului: Obiectivul general al proiectului propus este: \u00abCresterea competitivitatii economice a companiei prin respectarea principiilor de dezvoltare durabila\u00bb. Beneficiar: PROD-PREST CONNECTION SRL Perioada de implementare: 17.02.2025-17.03.2026 Valoarea total\u0103 a proiectului (Lei) 6995736.89 Valoarea cofinan\u021b\u0103rii UE (lei) 3593402.29 Rezumat proiect \u0219i activit\u0103\u021bi: PROD-PREST CONNECTION SRL anunta lansarea proiectului ACHIZITIE DOTARI finantat [&hellip;]<\/p>","protected":false},"author":1,"featured_media":0,"parent":0,"menu_order":0,"comment_status":"closed","ping_status":"closed","template":"","meta":{"pagelayer_contact_templates":[],"_pagelayer_content":"","_monsterinsights_skip_tracking":false,"_monsterinsights_sitenote_active":false,"_monsterinsights_sitenote_note":"","_monsterinsights_sitenote_category":0,"footnotes":""},"class_list":["post-1526","page","type-page","status-publish","hentry"],"yoast_head":"<!-- This site is optimized with the Yoast SEO plugin v27.4 - https:\/\/yoast.com\/product\/yoast-seo-wordpress\/ -->\n<title>Anunt - PPC Beton<\/title>\n<meta name=\"robots\" content=\"index, follow, max-snippet:-1, max-image-preview:large, max-video-preview:-1\" \/>\n<link rel=\"canonical\" href=\"https:\/\/ppcbeton.ro\/hu\/anunt\/\" \/>\n<meta property=\"og:locale\" content=\"hu_HU\" \/>\n<meta property=\"og:type\" content=\"article\" \/>\n<meta property=\"og:title\" content=\"Anunt - PPC Beton\" \/>\n<meta property=\"og:description\" content=\"Comunicat&nbsp;lansare proiect ACHIZITIE DOTARI Scopul proiectului: Obiectivul general al proiectului propus este: \u00abCresterea competitivitatii economice a companiei prin respectarea principiilor de dezvoltare durabila\u00bb. Beneficiar: PROD-PREST CONNECTION SRL Perioada de implementare: 17.02.2025-17.03.2026 Valoarea total\u0103 a proiectului (Lei) 6995736.89 Valoarea cofinan\u021b\u0103rii UE (lei) 3593402.29 Rezumat proiect \u0219i activit\u0103\u021bi: PROD-PREST CONNECTION SRL anunta lansarea proiectului ACHIZITIE DOTARI finantat [&hellip;]\" \/>\n<meta property=\"og:url\" content=\"https:\/\/ppcbeton.ro\/hu\/anunt\/\" \/>\n<meta property=\"og:site_name\" content=\"PPC Beton\" \/>\n<meta property=\"article:modified_time\" content=\"2026-02-12T11:36:28+00:00\" \/>\n<meta property=\"og:image\" content=\"https:\/\/ppcbeton.ro\/wp-content\/uploads\/2025\/10\/Picture1-1.png\" \/>\n<meta name=\"twitter:card\" content=\"summary_large_image\" \/>\n<meta name=\"twitter:label1\" content=\"Becs\u00fclt olvas\u00e1si id\u0151\" \/>\n\t<meta name=\"twitter:data1\" content=\"3 perc\" \/>\n<script type=\"application\/ld+json\" class=\"yoast-schema-graph\">{\"@context\":\"https:\\\/\\\/schema.org\",\"@graph\":[{\"@type\":\"WebPage\",\"@id\":\"https:\\\/\\\/ppcbeton.ro\\\/anunt\\\/\",\"url\":\"https:\\\/\\\/ppcbeton.ro\\\/anunt\\\/\",\"name\":\"Anunt - PPC Beton\",\"isPartOf\":{\"@id\":\"https:\\\/\\\/ppcbeton.ro\\\/#website\"},\"primaryImageOfPage\":{\"@id\":\"https:\\\/\\\/ppcbeton.ro\\\/anunt\\\/#primaryimage\"},\"image\":{\"@id\":\"https:\\\/\\\/ppcbeton.ro\\\/anunt\\\/#primaryimage\"},\"thumbnailUrl\":\"https:\\\/\\\/ppcbeton.ro\\\/wp-content\\\/uploads\\\/2025\\\/10\\\/Picture1-1.png\",\"datePublished\":\"2025-10-22T09:18:00+00:00\",\"dateModified\":\"2026-02-12T11:36:28+00:00\",\"breadcrumb\":{\"@id\":\"https:\\\/\\\/ppcbeton.ro\\\/anunt\\\/#breadcrumb\"},\"inLanguage\":\"hu\",\"potentialAction\":[{\"@type\":\"ReadAction\",\"target\":[\"https:\\\/\\\/ppcbeton.ro\\\/anunt\\\/\"]}]},{\"@type\":\"ImageObject\",\"inLanguage\":\"hu\",\"@id\":\"https:\\\/\\\/ppcbeton.ro\\\/anunt\\\/#primaryimage\",\"url\":\"https:\\\/\\\/ppcbeton.ro\\\/wp-content\\\/uploads\\\/2025\\\/10\\\/Picture1-1.png\",\"contentUrl\":\"https:\\\/\\\/ppcbeton.ro\\\/wp-content\\\/uploads\\\/2025\\\/10\\\/Picture1-1.png\"},{\"@type\":\"BreadcrumbList\",\"@id\":\"https:\\\/\\\/ppcbeton.ro\\\/anunt\\\/#breadcrumb\",\"itemListElement\":[{\"@type\":\"ListItem\",\"position\":1,\"name\":\"Home\",\"item\":\"https:\\\/\\\/ppcbeton.ro\\\/\"},{\"@type\":\"ListItem\",\"position\":2,\"name\":\"Anunt\"}]},{\"@type\":\"WebSite\",\"@id\":\"https:\\\/\\\/ppcbeton.ro\\\/#website\",\"url\":\"https:\\\/\\\/ppcbeton.ro\\\/\",\"name\":\"PPC Beton\",\"description\":\"Beton durabil. Viitor sustenabil.\",\"publisher\":{\"@id\":\"https:\\\/\\\/ppcbeton.ro\\\/#organization\"},\"potentialAction\":[{\"@type\":\"SearchAction\",\"target\":{\"@type\":\"EntryPoint\",\"urlTemplate\":\"https:\\\/\\\/ppcbeton.ro\\\/?s={search_term_string}\"},\"query-input\":{\"@type\":\"PropertyValueSpecification\",\"valueRequired\":true,\"valueName\":\"search_term_string\"}}],\"inLanguage\":\"hu\"},{\"@type\":\"Organization\",\"@id\":\"https:\\\/\\\/ppcbeton.ro\\\/#organization\",\"name\":\"PPC Beton\",\"url\":\"https:\\\/\\\/ppcbeton.ro\\\/\",\"logo\":{\"@type\":\"ImageObject\",\"inLanguage\":\"hu\",\"@id\":\"https:\\\/\\\/ppcbeton.ro\\\/#\\\/schema\\\/logo\\\/image\\\/\",\"url\":\"https:\\\/\\\/ppcbeton.ro\\\/wp-content\\\/uploads\\\/2025\\\/08\\\/Concretize-Logo-1.png\",\"contentUrl\":\"https:\\\/\\\/ppcbeton.ro\\\/wp-content\\\/uploads\\\/2025\\\/08\\\/Concretize-Logo-1.png\",\"width\":474,\"height\":82,\"caption\":\"PPC Beton\"},\"image\":{\"@id\":\"https:\\\/\\\/ppcbeton.ro\\\/#\\\/schema\\\/logo\\\/image\\\/\"}}]}<\/script>\n<!-- \/ Yoast SEO plugin. -->","yoast_head_json":{"title":"Anunt - PPC Beton","robots":{"index":"index","follow":"follow","max-snippet":"max-snippet:-1","max-image-preview":"max-image-preview:large","max-video-preview":"max-video-preview:-1"},"canonical":"https:\/\/ppcbeton.ro\/hu\/anunt\/","og_locale":"hu_HU","og_type":"article","og_title":"Anunt - PPC Beton","og_description":"Comunicat&nbsp;lansare proiect ACHIZITIE DOTARI Scopul proiectului: Obiectivul general al proiectului propus este: \u00abCresterea competitivitatii economice a companiei prin respectarea principiilor de dezvoltare durabila\u00bb. Beneficiar: PROD-PREST CONNECTION SRL Perioada de implementare: 17.02.2025-17.03.2026 Valoarea total\u0103 a proiectului (Lei) 6995736.89 Valoarea cofinan\u021b\u0103rii UE (lei) 3593402.29 Rezumat proiect \u0219i activit\u0103\u021bi: PROD-PREST CONNECTION SRL anunta lansarea proiectului ACHIZITIE DOTARI finantat [&hellip;]","og_url":"https:\/\/ppcbeton.ro\/hu\/anunt\/","og_site_name":"PPC Beton","article_modified_time":"2026-02-12T11:36:28+00:00","og_image":[{"url":"https:\/\/ppcbeton.ro\/wp-content\/uploads\/2025\/10\/Picture1-1.png","type":"","width":"","height":""}],"twitter_card":"summary_large_image","twitter_misc":{"Becs\u00fclt olvas\u00e1si id\u0151":"3 perc"},"schema":{"@context":"https:\/\/schema.org","@graph":[{"@type":"WebPage","@id":"https:\/\/ppcbeton.ro\/anunt\/","url":"https:\/\/ppcbeton.ro\/anunt\/","name":"Anunt - PPC Beton","isPartOf":{"@id":"https:\/\/ppcbeton.ro\/#website"},"primaryImageOfPage":{"@id":"https:\/\/ppcbeton.ro\/anunt\/#primaryimage"},"image":{"@id":"https:\/\/ppcbeton.ro\/anunt\/#primaryimage"},"thumbnailUrl":"https:\/\/ppcbeton.ro\/wp-content\/uploads\/2025\/10\/Picture1-1.png","datePublished":"2025-10-22T09:18:00+00:00","dateModified":"2026-02-12T11:36:28+00:00","breadcrumb":{"@id":"https:\/\/ppcbeton.ro\/anunt\/#breadcrumb"},"inLanguage":"hu","potentialAction":[{"@type":"ReadAction","target":["https:\/\/ppcbeton.ro\/anunt\/"]}]},{"@type":"ImageObject","inLanguage":"hu","@id":"https:\/\/ppcbeton.ro\/anunt\/#primaryimage","url":"https:\/\/ppcbeton.ro\/wp-content\/uploads\/2025\/10\/Picture1-1.png","contentUrl":"https:\/\/ppcbeton.ro\/wp-content\/uploads\/2025\/10\/Picture1-1.png"},{"@type":"BreadcrumbList","@id":"https:\/\/ppcbeton.ro\/anunt\/#breadcrumb","itemListElement":[{"@type":"ListItem","position":1,"name":"Home","item":"https:\/\/ppcbeton.ro\/"},{"@type":"ListItem","position":2,"name":"Anunt"}]},{"@type":"WebSite","@id":"https:\/\/ppcbeton.ro\/#website","url":"https:\/\/ppcbeton.ro\/","name":"PPC Beton","description":"Tart\u00f3s beton. Fenntarthat\u00f3 j\u00f6v\u0151","publisher":{"@id":"https:\/\/ppcbeton.ro\/#organization"},"potentialAction":[{"@type":"SearchAction","target":{"@type":"EntryPoint","urlTemplate":"https:\/\/ppcbeton.ro\/?s={search_term_string}"},"query-input":{"@type":"PropertyValueSpecification","valueRequired":true,"valueName":"search_term_string"}}],"inLanguage":"hu"},{"@type":"Organization","@id":"https:\/\/ppcbeton.ro\/#organization","name":"PPC Beton","url":"https:\/\/ppcbeton.ro\/","logo":{"@type":"ImageObject","inLanguage":"hu","@id":"https:\/\/ppcbeton.ro\/#\/schema\/logo\/image\/","url":"https:\/\/ppcbeton.ro\/wp-content\/uploads\/2025\/08\/Concretize-Logo-1.png","contentUrl":"https:\/\/ppcbeton.ro\/wp-content\/uploads\/2025\/08\/Concretize-Logo-1.png","width":474,"height":82,"caption":"PPC Beton"},"image":{"@id":"https:\/\/ppcbeton.ro\/#\/schema\/logo\/image\/"}}]}},"jetpack_sharing_enabled":true,"_links":{"self":[{"href":"https:\/\/ppcbeton.ro\/hu\/wp-json\/wp\/v2\/pages\/1526","targetHints":{"allow":["GET"]}}],"collection":[{"href":"https:\/\/ppcbeton.ro\/hu\/wp-json\/wp\/v2\/pages"}],"about":[{"href":"https:\/\/ppcbeton.ro\/hu\/wp-json\/wp\/v2\/types\/page"}],"author":[{"embeddable":true,"href":"https:\/\/ppcbeton.ro\/hu\/wp-json\/wp\/v2\/users\/1"}],"replies":[{"embeddable":true,"href":"https:\/\/ppcbeton.ro\/hu\/wp-json\/wp\/v2\/comments?post=1526"}],"version-history":[{"count":13,"href":"https:\/\/ppcbeton.ro\/hu\/wp-json\/wp\/v2\/pages\/1526\/revisions"}],"predecessor-version":[{"id":2044,"href":"https:\/\/ppcbeton.ro\/hu\/wp-json\/wp\/v2\/pages\/1526\/revisions\/2044"}],"wp:attachment":[{"href":"https:\/\/ppcbeton.ro\/hu\/wp-json\/wp\/v2\/media?parent=1526"}],"curies":[{"name":"wp","href":"https:\/\/api.w.org\/{rel}","templated":true}]}}