{"id":3,"date":"2025-08-19T15:25:20","date_gmt":"2025-08-19T15:25:20","guid":{"rendered":"https:\/\/ppcbeton.ro\/?page_id=3"},"modified":"2025-08-26T10:54:03","modified_gmt":"2025-08-26T10:54:03","slug":"privacy-policy","status":"publish","type":"page","link":"https:\/\/ppcbeton.ro\/hu\/privacy-policy\/","title":{"rendered":"Privacy Policy"},"content":{"rendered":"<style>.elementor-3 .elementor-element.elementor-element-38504ea6{--display:flex;}<\/style>\t\t<div data-elementor-type=\"wp-page\" data-elementor-id=\"3\" class=\"elementor elementor-3\" data-elementor-post-type=\"page\">\n\t\t\t\t<div class=\"elementor-element elementor-element-38504ea6 e-flex e-con-boxed e-con e-parent\" data-id=\"38504ea6\" data-element_type=\"container\" data-e-type=\"container\">\n\t\t\t\t\t<div class=\"e-con-inner\">\n\t\t\t\t<div class=\"elementor-element elementor-element-5ab4401e elementor-widget elementor-widget-text-editor\" data-id=\"5ab4401e\" data-element_type=\"widget\" data-e-type=\"widget\" data-widget_type=\"text-editor.default\">\n\t\t\t\t\t\t\t\t\t<p><strong data-start=\"168\" data-end=\"201\">Politica de Confiden\u021bialitate<\/strong><\/p>\n<h2 data-start=\"203\" data-end=\"221\"><strong data-start=\"206\" data-end=\"221\">Cine suntem<\/strong><\/h2>\n<p data-start=\"222\" data-end=\"293\">Adresa site-ului nostru este: <strong data-start=\"269\" data-end=\"292\"><a class=\"decorated-link\" href=\"https:\/\/ppcbeton.ro\/hu\/\" target=\"_new\" rel=\"noopener\" data-start=\"271\" data-end=\"290\">https:\/\/ppcbeton.ro<\/a><\/strong>.<\/p>\n<hr data-start=\"295\" data-end=\"298\" \/>\n<h2 data-start=\"300\" data-end=\"317\"><strong data-start=\"303\" data-end=\"317\">Comentarii<\/strong><\/h2>\n<p data-start=\"318\" data-end=\"559\">Atunci c\u00e2nd vizitatorii las\u0103 comentarii pe site, colect\u0103m datele afi\u0219ate \u00een formularul de comentarii, precum \u0219i adresa IP a vizitatorului \u0219i \u0219irul agentului utilizator al browserului, pentru a ajuta la detectarea spamului.<\/p>\n<p data-start=\"561\" data-end=\"938\">Un \u0219ir anonimizat creat din adresa ta de e-mail (numit \u0219i hash) poate fi furnizat serviciului <strong data-start=\"655\" data-end=\"667\">Gravatar<\/strong> pentru a verifica dac\u0103 \u00eel utilizezi. Politica de confiden\u021bialitate Gravatar este disponibil\u0103 aici: <a class=\"decorated-link\" href=\"https:\/\/automattic.com\/privacy\/\" target=\"_new\" rel=\"noopener\" data-start=\"767\" data-end=\"833\">https:\/\/automattic.com\/privacy\/<\/a>. Dup\u0103 aprobarea comentariului, fotografia de profil este vizibil\u0103 public \u00een contextul comentariului t\u0103u.<\/p>\n<hr data-start=\"940\" data-end=\"943\" \/>\n<h2 data-start=\"945\" data-end=\"957\"><strong data-start=\"948\" data-end=\"957\">Media<\/strong><\/h2>\n<p data-start=\"958\" data-end=\"1185\">Daca \u00eencarci imagini pe site, ar trebui s\u0103 evi\u021bi \u00eenc\u0103rcarea imaginilor care con\u021bin date de localizare (EXIF GPS). Vizitatorii site-ului pot desc\u0103rca \u0219i extrage orice date de localizare din imaginile de pe site.<\/p>\n<hr data-start=\"1187\" data-end=\"1190\" \/>\n<h2 data-start=\"1192\" data-end=\"1209\"><strong data-start=\"1195\" data-end=\"1209\">Cookie-uri<\/strong><\/h2>\n<p data-start=\"1210\" data-end=\"1523\">Dac\u0103 la\u0219i un comentariu pe site-ul nostru, po\u021bi opta pentru salvarea numelui, adresei de e-mail \u0219i a site-ului web \u00een cookie-uri. Acestea sunt pentru confortul t\u0103u, pentru ca s\u0103 nu fie nevoie s\u0103 completezi din nou datele atunci c\u00e2nd la\u0219i un alt comentariu. Aceste cookie-uri vor dura <strong data-start=\"1511\" data-end=\"1520\">un an<\/strong>.<\/p>\n<p data-start=\"1525\" data-end=\"1738\">Dac\u0103 vizitezi pagina de autentificare, vom seta un cookie temporar pentru a determina dac\u0103 browserul t\u0103u accept\u0103 cookie-uri. Acest cookie nu con\u021bine date personale \u0219i este eliminat atunci c\u00e2nd \u00eenchizi browserul.<\/p>\n<p data-start=\"1740\" data-end=\"2150\">C\u00e2nd te conectezi, vom seta mai multe cookie-uri pentru a salva informa\u021biile de autentificare \u0219i preferin\u021bele de afi\u0219are ale ecranului. Cookie-urile de autentificare dureaz\u0103 <strong data-start=\"1914\" data-end=\"1927\">dou\u0103 zile<\/strong>, iar cookie-urile pentru op\u021biunile de afi\u0219are dureaz\u0103 <strong data-start=\"1982\" data-end=\"1991\">un an<\/strong>. Dac\u0103 selectezi \u201e\u021aine-m\u0103 minte\u201d, autentificarea va persista timp de <strong data-start=\"2060\" data-end=\"2078\">dou\u0103 s\u0103pt\u0103m\u00e2ni<\/strong>. Dac\u0103 te deconectezi, cookie-urile de autentificare vor fi eliminate.<\/p>\n<p data-start=\"2152\" data-end=\"2356\">Dac\u0103 editezi sau publici un articol, un cookie suplimentar va fi salvat \u00een browserul t\u0103u. Acest cookie nu con\u021bine date personale \u0219i indic\u0103 doar ID-ul articolului pe care l-ai editat. Expir\u0103 dup\u0103 <strong data-start=\"2347\" data-end=\"2355\">o zi<\/strong>.<\/p>\n<hr data-start=\"2358\" data-end=\"2361\" \/>\n<h2 data-start=\"2363\" data-end=\"2409\"><strong data-start=\"2366\" data-end=\"2409\">Con\u021binut \u00eencorporat de pe alte site-uri<\/strong><\/h2>\n<p data-start=\"2410\" data-end=\"2653\">Articolele de pe acest site pot include con\u021binut \u00eencorporat (de ex. videoclipuri, imagini, articole etc.). Con\u021binutul \u00eencorporat de pe alte site-uri se comport\u0103 exact la fel ca \u0219i cum vizitatorul ar fi accesat acel alt site.<\/p>\n<p data-start=\"2655\" data-end=\"2896\">Aceste site-uri pot colecta date despre tine, pot folosi cookie-uri, pot \u00eencorpora urm\u0103rire suplimentar\u0103 de la ter\u021bi \u0219i \u00ee\u021bi pot monitoriza interac\u021biunea cu acel con\u021binut \u00eencorporat, inclusiv dac\u0103 ai un cont \u0219i e\u0219ti autentificat pe acel site.<\/p>\n<hr data-start=\"2898\" data-end=\"2901\" \/>\n<h2 data-start=\"2903\" data-end=\"2938\"><strong data-start=\"2906\" data-end=\"2938\">Cu cine partaj\u0103m datele tale<\/strong><\/h2>\n<p data-start=\"2939\" data-end=\"3042\">Dac\u0103 solici\u021bi resetarea parolei, adresa ta IP va fi inclus\u0103 \u00een e-mailul de resetare.<\/p>\n<hr data-start=\"3044\" data-end=\"3047\" \/>\n<h2 data-start=\"3049\" data-end=\"3083\"><strong data-start=\"3052\" data-end=\"3083\">C\u00e2t timp \u00ee\u021bi p\u0103str\u0103m datele<\/strong><\/h2>\n<p data-start=\"3084\" data-end=\"3327\">Dac\u0103 la\u0219i un comentariu, comentariul \u0219i metadatele acestuia sunt p\u0103strate pe termen nelimitat. Acest lucru ne ajut\u0103 s\u0103 recunoa\u0219tem \u0219i s\u0103 aprob\u0103m automat comentariile ulterioare, \u00een loc s\u0103 le re\u021binem \u00eentr-o coad\u0103 de moderare.<\/p>\n<p data-start=\"3329\" data-end=\"3693\">Pentru utilizatorii care se \u00eenregistreaz\u0103 pe site-ul nostru (dac\u0103 exist\u0103), stoc\u0103m \u0219i informa\u021biile personale pe care le furnizeaz\u0103 \u00een profilul lor. To\u021bi utilizatorii \u00ee\u0219i pot vedea, edita sau \u0219terge informa\u021biile personale \u00een orice moment (cu excep\u021bia numelui de utilizator, care nu poate fi modificat). Administratorii site-ului pot vedea \u0219i edita aceste informa\u021bii.<\/p>\n<hr data-start=\"3695\" data-end=\"3698\" \/>\n<h2 data-start=\"3700\" data-end=\"3741\"><strong data-start=\"3703\" data-end=\"3741\">Ce drepturi ai asupra datelor tale<\/strong><\/h2>\n<p data-start=\"3742\" data-end=\"4042\">Dac\u0103 ai un cont pe acest site sau ai l\u0103sat comentarii, po\u021bi solicita s\u0103 prime\u0219ti un fi\u0219ier exportat cu datele personale pe care le de\u021binem despre tine, inclusiv datele pe care ni le-ai furnizat. De asemenea, po\u021bi solicita \u0219tergerea datelor personale pe care le de\u021binem despre tine.<\/p>\n<p data-start=\"4044\" data-end=\"4160\">Aceasta nu include datele pe care suntem obliga\u021bi s\u0103 le p\u0103str\u0103m din motive administrative, legale sau de securitate.<\/p>\n<hr data-start=\"4162\" data-end=\"4165\" \/>\n<h2 data-start=\"4167\" data-end=\"4203\"><strong data-start=\"4170\" data-end=\"4203\">Unde sunt trimise datele tale<\/strong><\/h2>\n<p data-start=\"4204\" data-end=\"4317\">Comentariile vizitatorilor pot fi verificate printr-un serviciu automat de detectare a spamului.<\/p>\n<ul data-start=\"4389\" data-end=\"4723\">\n<li data-start=\"4389\" data-end=\"4473\">\n<p data-start=\"4391\" data-end=\"4473\">Datele sunt prelucrate \u00een conformitate cu <strong data-start=\"4433\" data-end=\"4470\">Regulamentul (UE) 2016\/679 (GDPR)<\/strong>.<\/p>\n<\/li>\n<li data-start=\"4474\" data-end=\"4575\">\n<p data-start=\"4476\" data-end=\"4575\">Pentru orice solicitare privind datele personale, ne po\u021bi contacta la: <strong data-start=\"4547\" data-end=\"4572\">\u27e8contact@ppcbeton.ro\u27e9<\/strong>.<\/p>\n<\/li>\n<li data-start=\"4576\" data-end=\"4723\">\n<p data-start=\"4578\" data-end=\"4723\">Ai dreptul s\u0103 depui o pl\u00e2ngere la <strong data-start=\"4612\" data-end=\"4720\">Autoritatea Na\u021bional\u0103 de Supraveghere a Prelucr\u0103rii Datelor cu Caracter Personal (<a class=\"decorated-link cursor-pointer\" target=\"_new\" rel=\"noopener\" data-start=\"4696\" data-end=\"4717\">www.dataprotection.ro<\/a>)<\/strong>.<\/p>\n<\/li>\n<\/ul>\n<p><!-- \/wp:paragraph --><\/p>\t\t\t\t\t\t\t\t<\/div>\n\t\t\t\t\t<\/div>\n\t\t\t\t<\/div>\n\t\t\t\t<\/div>","protected":false},"excerpt":{"rendered":"<p>Politica de Confiden\u021bialitate Cine suntem Adresa site-ului nostru este: https:\/\/ppcbeton.ro. Comentarii Atunci c\u00e2nd vizitatorii las\u0103 comentarii pe site, colect\u0103m datele afi\u0219ate \u00een formularul de comentarii, precum \u0219i adresa IP a vizitatorului \u0219i \u0219irul agentului utilizator al browserului, pentru a ajuta la detectarea spamului. Un \u0219ir anonimizat creat din adresa ta de e-mail (numit \u0219i hash) [&hellip;]<\/p>","protected":false},"author":1,"featured_media":0,"parent":0,"menu_order":0,"comment_status":"closed","ping_status":"open","template":"","meta":{"pagelayer_contact_templates":[],"_pagelayer_content":"","_monsterinsights_skip_tracking":false,"_monsterinsights_sitenote_active":false,"_monsterinsights_sitenote_note":"","_monsterinsights_sitenote_category":0,"footnotes":""},"class_list":["post-3","page","type-page","status-publish","hentry"],"yoast_head":"<!-- This site is optimized with the Yoast SEO plugin v27.4 - https:\/\/yoast.com\/product\/yoast-seo-wordpress\/ -->\n<title>Privacy Policy - PPC Beton<\/title>\n<meta name=\"robots\" content=\"index, follow, max-snippet:-1, max-image-preview:large, max-video-preview:-1\" \/>\n<link rel=\"canonical\" href=\"https:\/\/ppcbeton.ro\/hu\/privacy-policy\/\" \/>\n<meta property=\"og:locale\" content=\"hu_HU\" \/>\n<meta property=\"og:type\" content=\"article\" \/>\n<meta property=\"og:title\" content=\"Privacy Policy - PPC Beton\" \/>\n<meta property=\"og:description\" content=\"Politica de Confiden\u021bialitate Cine suntem Adresa site-ului nostru este: https:\/\/ppcbeton.ro. Comentarii Atunci c\u00e2nd vizitatorii las\u0103 comentarii pe site, colect\u0103m datele afi\u0219ate \u00een formularul de comentarii, precum \u0219i adresa IP a vizitatorului \u0219i \u0219irul agentului utilizator al browserului, pentru a ajuta la detectarea spamului. Un \u0219ir anonimizat creat din adresa ta de e-mail (numit \u0219i hash) [&hellip;]\" \/>\n<meta property=\"og:url\" content=\"https:\/\/ppcbeton.ro\/hu\/privacy-policy\/\" \/>\n<meta property=\"og:site_name\" content=\"PPC Beton\" \/>\n<meta property=\"article:modified_time\" content=\"2025-08-26T10:54:03+00:00\" \/>\n<meta name=\"twitter:card\" content=\"summary_large_image\" \/>\n<meta name=\"twitter:label1\" content=\"Becs\u00fclt olvas\u00e1si id\u0151\" \/>\n\t<meta name=\"twitter:data1\" content=\"3 perc\" \/>\n<script type=\"application\/ld+json\" class=\"yoast-schema-graph\">{\"@context\":\"https:\\\/\\\/schema.org\",\"@graph\":[{\"@type\":\"WebPage\",\"@id\":\"https:\\\/\\\/ppcbeton.ro\\\/privacy-policy\\\/\",\"url\":\"https:\\\/\\\/ppcbeton.ro\\\/privacy-policy\\\/\",\"name\":\"Privacy Policy - PPC Beton\",\"isPartOf\":{\"@id\":\"https:\\\/\\\/ppcbeton.ro\\\/#website\"},\"datePublished\":\"2025-08-19T15:25:20+00:00\",\"dateModified\":\"2025-08-26T10:54:03+00:00\",\"breadcrumb\":{\"@id\":\"https:\\\/\\\/ppcbeton.ro\\\/privacy-policy\\\/#breadcrumb\"},\"inLanguage\":\"hu\",\"potentialAction\":[{\"@type\":\"ReadAction\",\"target\":[\"https:\\\/\\\/ppcbeton.ro\\\/privacy-policy\\\/\"]}]},{\"@type\":\"BreadcrumbList\",\"@id\":\"https:\\\/\\\/ppcbeton.ro\\\/privacy-policy\\\/#breadcrumb\",\"itemListElement\":[{\"@type\":\"ListItem\",\"position\":1,\"name\":\"Home\",\"item\":\"https:\\\/\\\/ppcbeton.ro\\\/\"},{\"@type\":\"ListItem\",\"position\":2,\"name\":\"Privacy Policy\"}]},{\"@type\":\"WebSite\",\"@id\":\"https:\\\/\\\/ppcbeton.ro\\\/#website\",\"url\":\"https:\\\/\\\/ppcbeton.ro\\\/\",\"name\":\"PPC Beton\",\"description\":\"Beton durabil. Viitor sustenabil.\",\"publisher\":{\"@id\":\"https:\\\/\\\/ppcbeton.ro\\\/#organization\"},\"potentialAction\":[{\"@type\":\"SearchAction\",\"target\":{\"@type\":\"EntryPoint\",\"urlTemplate\":\"https:\\\/\\\/ppcbeton.ro\\\/?s={search_term_string}\"},\"query-input\":{\"@type\":\"PropertyValueSpecification\",\"valueRequired\":true,\"valueName\":\"search_term_string\"}}],\"inLanguage\":\"hu\"},{\"@type\":\"Organization\",\"@id\":\"https:\\\/\\\/ppcbeton.ro\\\/#organization\",\"name\":\"PPC Beton\",\"url\":\"https:\\\/\\\/ppcbeton.ro\\\/\",\"logo\":{\"@type\":\"ImageObject\",\"inLanguage\":\"hu\",\"@id\":\"https:\\\/\\\/ppcbeton.ro\\\/#\\\/schema\\\/logo\\\/image\\\/\",\"url\":\"https:\\\/\\\/ppcbeton.ro\\\/wp-content\\\/uploads\\\/2025\\\/08\\\/Concretize-Logo-1.png\",\"contentUrl\":\"https:\\\/\\\/ppcbeton.ro\\\/wp-content\\\/uploads\\\/2025\\\/08\\\/Concretize-Logo-1.png\",\"width\":474,\"height\":82,\"caption\":\"PPC Beton\"},\"image\":{\"@id\":\"https:\\\/\\\/ppcbeton.ro\\\/#\\\/schema\\\/logo\\\/image\\\/\"}}]}<\/script>\n<!-- \/ Yoast SEO plugin. -->","yoast_head_json":{"title":"Privacy Policy - PPC Beton","robots":{"index":"index","follow":"follow","max-snippet":"max-snippet:-1","max-image-preview":"max-image-preview:large","max-video-preview":"max-video-preview:-1"},"canonical":"https:\/\/ppcbeton.ro\/hu\/privacy-policy\/","og_locale":"hu_HU","og_type":"article","og_title":"Privacy Policy - PPC Beton","og_description":"Politica de Confiden\u021bialitate Cine suntem Adresa site-ului nostru este: https:\/\/ppcbeton.ro. Comentarii Atunci c\u00e2nd vizitatorii las\u0103 comentarii pe site, colect\u0103m datele afi\u0219ate \u00een formularul de comentarii, precum \u0219i adresa IP a vizitatorului \u0219i \u0219irul agentului utilizator al browserului, pentru a ajuta la detectarea spamului. Un \u0219ir anonimizat creat din adresa ta de e-mail (numit \u0219i hash) [&hellip;]","og_url":"https:\/\/ppcbeton.ro\/hu\/privacy-policy\/","og_site_name":"PPC Beton","article_modified_time":"2025-08-26T10:54:03+00:00","twitter_card":"summary_large_image","twitter_misc":{"Becs\u00fclt olvas\u00e1si id\u0151":"3 perc"},"schema":{"@context":"https:\/\/schema.org","@graph":[{"@type":"WebPage","@id":"https:\/\/ppcbeton.ro\/privacy-policy\/","url":"https:\/\/ppcbeton.ro\/privacy-policy\/","name":"Privacy Policy - PPC Beton","isPartOf":{"@id":"https:\/\/ppcbeton.ro\/#website"},"datePublished":"2025-08-19T15:25:20+00:00","dateModified":"2025-08-26T10:54:03+00:00","breadcrumb":{"@id":"https:\/\/ppcbeton.ro\/privacy-policy\/#breadcrumb"},"inLanguage":"hu","potentialAction":[{"@type":"ReadAction","target":["https:\/\/ppcbeton.ro\/privacy-policy\/"]}]},{"@type":"BreadcrumbList","@id":"https:\/\/ppcbeton.ro\/privacy-policy\/#breadcrumb","itemListElement":[{"@type":"ListItem","position":1,"name":"Home","item":"https:\/\/ppcbeton.ro\/"},{"@type":"ListItem","position":2,"name":"Privacy Policy"}]},{"@type":"WebSite","@id":"https:\/\/ppcbeton.ro\/#website","url":"https:\/\/ppcbeton.ro\/","name":"PPC Beton","description":"Tart\u00f3s beton. Fenntarthat\u00f3 j\u00f6v\u0151","publisher":{"@id":"https:\/\/ppcbeton.ro\/#organization"},"potentialAction":[{"@type":"SearchAction","target":{"@type":"EntryPoint","urlTemplate":"https:\/\/ppcbeton.ro\/?s={search_term_string}"},"query-input":{"@type":"PropertyValueSpecification","valueRequired":true,"valueName":"search_term_string"}}],"inLanguage":"hu"},{"@type":"Organization","@id":"https:\/\/ppcbeton.ro\/#organization","name":"PPC Beton","url":"https:\/\/ppcbeton.ro\/","logo":{"@type":"ImageObject","inLanguage":"hu","@id":"https:\/\/ppcbeton.ro\/#\/schema\/logo\/image\/","url":"https:\/\/ppcbeton.ro\/wp-content\/uploads\/2025\/08\/Concretize-Logo-1.png","contentUrl":"https:\/\/ppcbeton.ro\/wp-content\/uploads\/2025\/08\/Concretize-Logo-1.png","width":474,"height":82,"caption":"PPC Beton"},"image":{"@id":"https:\/\/ppcbeton.ro\/#\/schema\/logo\/image\/"}}]}},"jetpack_sharing_enabled":true,"_links":{"self":[{"href":"https:\/\/ppcbeton.ro\/hu\/wp-json\/wp\/v2\/pages\/3","targetHints":{"allow":["GET"]}}],"collection":[{"href":"https:\/\/ppcbeton.ro\/hu\/wp-json\/wp\/v2\/pages"}],"about":[{"href":"https:\/\/ppcbeton.ro\/hu\/wp-json\/wp\/v2\/types\/page"}],"author":[{"embeddable":true,"href":"https:\/\/ppcbeton.ro\/hu\/wp-json\/wp\/v2\/users\/1"}],"replies":[{"embeddable":true,"href":"https:\/\/ppcbeton.ro\/hu\/wp-json\/wp\/v2\/comments?post=3"}],"version-history":[{"count":3,"href":"https:\/\/ppcbeton.ro\/hu\/wp-json\/wp\/v2\/pages\/3\/revisions"}],"predecessor-version":[{"id":402,"href":"https:\/\/ppcbeton.ro\/hu\/wp-json\/wp\/v2\/pages\/3\/revisions\/402"}],"wp:attachment":[{"href":"https:\/\/ppcbeton.ro\/hu\/wp-json\/wp\/v2\/media?parent=3"}],"curies":[{"name":"wp","href":"https:\/\/api.w.org\/{rel}","templated":true}]}}