{"id":507,"date":"2025-09-03T12:10:56","date_gmt":"2025-09-03T12:10:56","guid":{"rendered":"https:\/\/ppcbeton.ro\/cart\/"},"modified":"2025-10-01T11:31:15","modified_gmt":"2025-10-01T11:31:15","slug":"cos","status":"publish","type":"page","link":"https:\/\/ppcbeton.ro\/hu\/cos\/","title":{"rendered":"Cos"},"content":{"rendered":"<div data-block-name=\"woocommerce\/cart\" class=\"wp-block-woocommerce-cart alignwide is-loading\">\n<div data-block-name=\"woocommerce\/filled-cart-block\" class=\"wp-block-woocommerce-filled-cart-block\">\n<div data-block-name=\"woocommerce\/cart-items-block\" class=\"wp-block-woocommerce-cart-items-block\">\n<div data-block-name=\"woocommerce\/cart-line-items-block\" class=\"wp-block-woocommerce-cart-line-items-block\"><\/div>\n\n\n\n<div data-block-name=\"woocommerce\/cart-cross-sells-block\" class=\"wp-block-woocommerce-cart-cross-sells-block\">\n<h2 class=\"wp-block-heading has-large-font-size\">You may be interested in\u2026<\/h2>\n\n\n\n<div data-block-name=\"woocommerce\/cart-cross-sells-products-block\" class=\"wp-block-woocommerce-cart-cross-sells-products-block\"><\/div>\n<\/div>\n<\/div>\n\n\n\n<div data-block-name=\"woocommerce\/cart-totals-block\" class=\"wp-block-woocommerce-cart-totals-block\">\n<div data-block-name=\"woocommerce\/cart-order-summary-block\" class=\"wp-block-woocommerce-cart-order-summary-block\">\n<div data-block-name=\"woocommerce\/cart-order-summary-heading-block\" class=\"wp-block-woocommerce-cart-order-summary-heading-block\"><\/div><div data-block-name=\"woocommerce\/cart-order-summary-coupon-form-block\" class=\"wp-block-woocommerce-cart-order-summary-coupon-form-block\"><\/div><div data-block-name=\"woocommerce\/cart-order-summary-totals-block\" class=\"wp-block-woocommerce-cart-order-summary-totals-block\">\n<div data-block-name=\"woocommerce\/cart-order-summary-subtotal-block\" class=\"wp-block-woocommerce-cart-order-summary-subtotal-block\"><\/div>\n<div data-block-name=\"woocommerce\/cart-order-summary-discount-block\" class=\"wp-block-woocommerce-cart-order-summary-discount-block\"><\/div>\n<div data-block-name=\"woocommerce\/cart-order-summary-fee-block\" class=\"wp-block-woocommerce-cart-order-summary-fee-block\"><\/div>\n<div data-block-name=\"woocommerce\/cart-order-summary-shipping-block\" class=\"wp-block-woocommerce-cart-order-summary-shipping-block\"><\/div>\n<div data-block-name=\"woocommerce\/cart-order-summary-taxes-block\" class=\"wp-block-woocommerce-cart-order-summary-taxes-block\"><\/div><\/div>\n<\/div>\n\n\n\n<div data-block-name=\"woocommerce\/cart-express-payment-block\" class=\"wp-block-woocommerce-cart-express-payment-block\"><\/div>\n\n\n\n<div data-block-name=\"woocommerce\/proceed-to-checkout-block\" class=\"wp-block-woocommerce-proceed-to-checkout-block\"><\/div>\n\n\n\n<div data-block-name=\"woocommerce\/cart-accepted-payment-methods-block\" class=\"wp-block-woocommerce-cart-accepted-payment-methods-block\"><\/div>\n<\/div>\n<\/div>\n\n\n\n<div data-block-name=\"woocommerce\/empty-cart-block\" class=\"wp-block-woocommerce-empty-cart-block\">\n<h2 class=\"wp-block-heading has-text-align-center with-empty-cart-icon wc-block-cart__empty-cart__title\">Your cart is currently empty!<\/h2>\n\n\n\n<hr class=\"wp-block-separator has-alpha-channel-opacity is-style-dots\"\/>\n\n\n\n<h2 class=\"wp-block-heading has-text-align-center\">New in store<\/h2>\n\n\n<div data-block-name=\"woocommerce\/product-new\" data-columns=\"4\" data-rows=\"1\" class=\"wc-block-grid wp-block-product-new wp-block-woocommerce-product-new wc-block-product-new has-4-columns\"><ul class=\"wc-block-grid__products\"><li class=\"wc-block-grid__product\">\n\t\t\t\t<a href=\"https:\/\/ppcbeton.ro\/hu\/product\/beton-rutier\/\" class=\"wc-block-grid__product-link\">\n\t\t\t\t\t<div class=\"wc-block-grid__product-onsale\">\n\t\t\t<span aria-hidden=\"true\" data-no-translation=\"\" data-trp-gettext=\"\">Akci\u00f3<\/span>\n\t\t\t<span class=\"screen-reader-text\" data-no-translation=\"\" data-trp-gettext=\"\">Akci\u00f3s term\u00e9k<\/span>\n\t\t<\/div>\n\t\t\t\t\t<div class=\"wc-block-grid__product-image\"><img fetchpriority=\"high\" decoding=\"async\" width=\"300\" height=\"300\" src=\"https:\/\/ppcbeton.ro\/wp-content\/uploads\/2025\/08\/city-path-in-the-park-with-a-nature-view-2025-03-18-10-20-05-utc-1-300x300.jpg\" class=\"attachment-woocommerce_thumbnail size-woocommerce_thumbnail\" alt=\"Beton Rutier\" srcset=\"https:\/\/ppcbeton.ro\/wp-content\/uploads\/2025\/08\/city-path-in-the-park-with-a-nature-view-2025-03-18-10-20-05-utc-1-300x300.jpg 300w, https:\/\/ppcbeton.ro\/wp-content\/uploads\/2025\/08\/city-path-in-the-park-with-a-nature-view-2025-03-18-10-20-05-utc-1-100x100.jpg 100w, https:\/\/ppcbeton.ro\/wp-content\/uploads\/2025\/08\/city-path-in-the-park-with-a-nature-view-2025-03-18-10-20-05-utc-1-150x150.jpg 150w\" sizes=\"(max-width: 300px) 100vw, 300px\" \/><\/div>\n\t\t\t\t\t<div class=\"wc-block-grid__product-title\">Beton Rutier<\/div>\n\t\t\t\t<\/a>\n\t\t\t\t<div class=\"wc-block-grid__product-price price\"><del aria-hidden=\"true\"><span class=\"woocommerce-Price-amount amount\"><bdi>4.000,00&nbsp;<span class=\"woocommerce-Price-currencySymbol\">lei<\/span><\/bdi><\/span><\/del> <span class=\"screen-reader-text\" data-no-translation=\"\" data-trp-gettext=\"\">Original price was: 4.000,00&nbsp;lei.<\/span><ins aria-hidden=\"true\"><span class=\"woocommerce-Price-amount amount\"><bdi>3.500,00&nbsp;<span class=\"woocommerce-Price-currencySymbol\">lei<\/span><\/bdi><\/span><\/ins><span class=\"screen-reader-text\" data-no-translation=\"\" data-trp-gettext=\"\">Current price is: 3.500,00&nbsp;lei.<\/span><\/div>\n\t\t\t\t\n\t\t\t\t<div class=\"wp-block-button wc-block-grid__product-add-to-cart\"><a href=\"\/hu\/wp-json\/wp\/v2\/pages\/507?add-to-cart=1258\" aria-label=\"Kos\u00e1rba: \u201cBeton Rutier\u201d\" data-quantity=\"1\" data-product_id=\"1258\" data-product_sku=\"\" data-price=\"3500\" rel=\"nofollow\" class=\"wp-block-button__link  add_to_cart_button ajax_add_to_cart\" data-no-translation=\"\" data-trp-gettext=\"\" data-no-translation-aria-label=\"\">Kos\u00e1rba teszem<\/a><\/div>\n\t\t\t<\/li><li class=\"wc-block-grid__product\">\n\t\t\t\t<a href=\"https:\/\/ppcbeton.ro\/hu\/product\/beton-armat-c30-37\/\" class=\"wc-block-grid__product-link\">\n\t\t\t\t\t\n\t\t\t\t\t<div class=\"wc-block-grid__product-image\"><img decoding=\"async\" width=\"300\" height=\"300\" src=\"https:\/\/ppcbeton.ro\/wp-content\/uploads\/2025\/08\/male-engineers-are-inspecting-and-controlling-the-2025-03-15-05-51-00-utc-1-300x300.jpg\" class=\"attachment-woocommerce_thumbnail size-woocommerce_thumbnail\" alt=\"Beton Armat C30\/37\" srcset=\"https:\/\/ppcbeton.ro\/wp-content\/uploads\/2025\/08\/male-engineers-are-inspecting-and-controlling-the-2025-03-15-05-51-00-utc-1-300x300.jpg 300w, https:\/\/ppcbeton.ro\/wp-content\/uploads\/2025\/08\/male-engineers-are-inspecting-and-controlling-the-2025-03-15-05-51-00-utc-1-100x100.jpg 100w, https:\/\/ppcbeton.ro\/wp-content\/uploads\/2025\/08\/male-engineers-are-inspecting-and-controlling-the-2025-03-15-05-51-00-utc-1-150x150.jpg 150w\" sizes=\"(max-width: 300px) 100vw, 300px\" \/><\/div>\n\t\t\t\t\t<div class=\"wc-block-grid__product-title\">Beton Armat C30\/37<\/div>\n\t\t\t\t<\/a>\n\t\t\t\t<div class=\"wc-block-grid__product-price price\"><\/div>\n\t\t\t\t\n\t\t\t\t<div class=\"wp-block-button wc-block-grid__product-add-to-cart\"><a href=\"https:\/\/ppcbeton.ro\/hu\/product\/beton-armat-c30-37\/\" aria-label=\"\u201cBeton Armat C30\/37\u201d term\u00e9kr\u0151l t\u00f6bb inform\u00e1ci\u00f3\" data-quantity=\"1\" data-product_id=\"1255\" data-product_sku=\"\" data-price=\"0\" rel=\"nofollow\" class=\"wp-block-button__link  add_to_cart_button\" data-no-translation=\"\" data-trp-gettext=\"\" data-no-translation-aria-label=\"\">Tov\u00e1bb olvasom<\/a><\/div>\n\t\t\t<\/li><li class=\"wc-block-grid__product\">\n\t\t\t\t<a href=\"https:\/\/ppcbeton.ro\/hu\/product\/beton-standard-c20-25\/\" class=\"wc-block-grid__product-link\">\n\t\t\t\t\t\n\t\t\t\t\t<div class=\"wc-block-grid__product-image\"><img decoding=\"async\" width=\"300\" height=\"300\" src=\"https:\/\/ppcbeton.ro\/wp-content\/uploads\/2025\/08\/construction-worker-finishes-concrete-screed-with-2024-09-12-13-38-23-utc-1-300x300.jpg\" class=\"attachment-woocommerce_thumbnail size-woocommerce_thumbnail\" alt=\"Beton Standard C20\/25\" srcset=\"https:\/\/ppcbeton.ro\/wp-content\/uploads\/2025\/08\/construction-worker-finishes-concrete-screed-with-2024-09-12-13-38-23-utc-1-300x300.jpg 300w, https:\/\/ppcbeton.ro\/wp-content\/uploads\/2025\/08\/construction-worker-finishes-concrete-screed-with-2024-09-12-13-38-23-utc-1-100x100.jpg 100w, https:\/\/ppcbeton.ro\/wp-content\/uploads\/2025\/08\/construction-worker-finishes-concrete-screed-with-2024-09-12-13-38-23-utc-1-150x150.jpg 150w\" sizes=\"(max-width: 300px) 100vw, 300px\" \/><\/div>\n\t\t\t\t\t<div class=\"wc-block-grid__product-title\">Beton Standard C20\/25<\/div>\n\t\t\t\t<\/a>\n\t\t\t\t<div class=\"wc-block-grid__product-price price\"><\/div>\n\t\t\t\t\n\t\t\t\t<div class=\"wp-block-button wc-block-grid__product-add-to-cart\"><a href=\"https:\/\/ppcbeton.ro\/hu\/product\/beton-standard-c20-25\/\" aria-label=\"\u201cBeton Standard C20\/25\u201d term\u00e9kr\u0151l t\u00f6bb inform\u00e1ci\u00f3\" data-quantity=\"1\" data-product_id=\"1252\" data-product_sku=\"\" data-price=\"0\" rel=\"nofollow\" class=\"wp-block-button__link  add_to_cart_button\" data-no-translation=\"\" data-trp-gettext=\"\" data-no-translation-aria-label=\"\">Tov\u00e1bb olvasom<\/a><\/div>\n\t\t\t<\/li><\/ul><\/div><\/div>\n<\/div>","protected":false},"excerpt":{"rendered":"","protected":false},"author":1,"featured_media":0,"parent":0,"menu_order":0,"comment_status":"closed","ping_status":"closed","template":"","meta":{"pagelayer_contact_templates":[],"_pagelayer_content":"","_monsterinsights_skip_tracking":false,"_monsterinsights_sitenote_active":false,"_monsterinsights_sitenote_note":"","_monsterinsights_sitenote_category":0,"footnotes":""},"class_list":["post-507","page","type-page","status-publish","hentry"],"yoast_head":"<!-- This site is optimized with the Yoast SEO plugin v27.4 - https:\/\/yoast.com\/product\/yoast-seo-wordpress\/ -->\n<title>Cos - PPC Beton<\/title>\n<meta name=\"robots\" content=\"index, follow, max-snippet:-1, max-image-preview:large, max-video-preview:-1\" \/>\n<link rel=\"canonical\" href=\"https:\/\/ppcbeton.ro\/hu\/cos\/\" \/>\n<meta property=\"og:locale\" content=\"hu_HU\" \/>\n<meta property=\"og:type\" content=\"article\" \/>\n<meta property=\"og:title\" content=\"Cos - PPC Beton\" \/>\n<meta property=\"og:url\" content=\"https:\/\/ppcbeton.ro\/hu\/cos\/\" \/>\n<meta property=\"og:site_name\" content=\"PPC Beton\" \/>\n<meta property=\"article:modified_time\" content=\"2025-10-01T11:31:15+00:00\" \/>\n<meta name=\"twitter:card\" content=\"summary_large_image\" \/>\n<script type=\"application\/ld+json\" class=\"yoast-schema-graph\">{\"@context\":\"https:\\\/\\\/schema.org\",\"@graph\":[{\"@type\":\"WebPage\",\"@id\":\"https:\\\/\\\/ppcbeton.ro\\\/cos\\\/\",\"url\":\"https:\\\/\\\/ppcbeton.ro\\\/cos\\\/\",\"name\":\"Cos - PPC Beton\",\"isPartOf\":{\"@id\":\"https:\\\/\\\/ppcbeton.ro\\\/#website\"},\"datePublished\":\"2025-09-03T12:10:56+00:00\",\"dateModified\":\"2025-10-01T11:31:15+00:00\",\"breadcrumb\":{\"@id\":\"https:\\\/\\\/ppcbeton.ro\\\/cos\\\/#breadcrumb\"},\"inLanguage\":\"hu\",\"potentialAction\":[{\"@type\":\"ReadAction\",\"target\":[\"https:\\\/\\\/ppcbeton.ro\\\/cos\\\/\"]}]},{\"@type\":\"BreadcrumbList\",\"@id\":\"https:\\\/\\\/ppcbeton.ro\\\/cos\\\/#breadcrumb\",\"itemListElement\":[{\"@type\":\"ListItem\",\"position\":1,\"name\":\"Home\",\"item\":\"https:\\\/\\\/ppcbeton.ro\\\/\"},{\"@type\":\"ListItem\",\"position\":2,\"name\":\"Cos\"}]},{\"@type\":\"WebSite\",\"@id\":\"https:\\\/\\\/ppcbeton.ro\\\/#website\",\"url\":\"https:\\\/\\\/ppcbeton.ro\\\/\",\"name\":\"PPC Beton\",\"description\":\"Beton durabil. Viitor sustenabil.\",\"publisher\":{\"@id\":\"https:\\\/\\\/ppcbeton.ro\\\/#organization\"},\"potentialAction\":[{\"@type\":\"SearchAction\",\"target\":{\"@type\":\"EntryPoint\",\"urlTemplate\":\"https:\\\/\\\/ppcbeton.ro\\\/?s={search_term_string}\"},\"query-input\":{\"@type\":\"PropertyValueSpecification\",\"valueRequired\":true,\"valueName\":\"search_term_string\"}}],\"inLanguage\":\"hu\"},{\"@type\":\"Organization\",\"@id\":\"https:\\\/\\\/ppcbeton.ro\\\/#organization\",\"name\":\"PPC Beton\",\"url\":\"https:\\\/\\\/ppcbeton.ro\\\/\",\"logo\":{\"@type\":\"ImageObject\",\"inLanguage\":\"hu\",\"@id\":\"https:\\\/\\\/ppcbeton.ro\\\/#\\\/schema\\\/logo\\\/image\\\/\",\"url\":\"https:\\\/\\\/ppcbeton.ro\\\/wp-content\\\/uploads\\\/2025\\\/08\\\/Concretize-Logo-1.png\",\"contentUrl\":\"https:\\\/\\\/ppcbeton.ro\\\/wp-content\\\/uploads\\\/2025\\\/08\\\/Concretize-Logo-1.png\",\"width\":474,\"height\":82,\"caption\":\"PPC Beton\"},\"image\":{\"@id\":\"https:\\\/\\\/ppcbeton.ro\\\/#\\\/schema\\\/logo\\\/image\\\/\"}}]}<\/script>\n<!-- \/ Yoast SEO plugin. -->","yoast_head_json":{"title":"Cos - PPC Beton","robots":{"index":"index","follow":"follow","max-snippet":"max-snippet:-1","max-image-preview":"max-image-preview:large","max-video-preview":"max-video-preview:-1"},"canonical":"https:\/\/ppcbeton.ro\/hu\/cos\/","og_locale":"hu_HU","og_type":"article","og_title":"Cos - PPC Beton","og_url":"https:\/\/ppcbeton.ro\/hu\/cos\/","og_site_name":"PPC Beton","article_modified_time":"2025-10-01T11:31:15+00:00","twitter_card":"summary_large_image","schema":{"@context":"https:\/\/schema.org","@graph":[{"@type":"WebPage","@id":"https:\/\/ppcbeton.ro\/cos\/","url":"https:\/\/ppcbeton.ro\/cos\/","name":"Cos - PPC Beton","isPartOf":{"@id":"https:\/\/ppcbeton.ro\/#website"},"datePublished":"2025-09-03T12:10:56+00:00","dateModified":"2025-10-01T11:31:15+00:00","breadcrumb":{"@id":"https:\/\/ppcbeton.ro\/cos\/#breadcrumb"},"inLanguage":"hu","potentialAction":[{"@type":"ReadAction","target":["https:\/\/ppcbeton.ro\/cos\/"]}]},{"@type":"BreadcrumbList","@id":"https:\/\/ppcbeton.ro\/cos\/#breadcrumb","itemListElement":[{"@type":"ListItem","position":1,"name":"Home","item":"https:\/\/ppcbeton.ro\/"},{"@type":"ListItem","position":2,"name":"Cos"}]},{"@type":"WebSite","@id":"https:\/\/ppcbeton.ro\/#website","url":"https:\/\/ppcbeton.ro\/","name":"PPC Beton","description":"Tart\u00f3s beton. Fenntarthat\u00f3 j\u00f6v\u0151","publisher":{"@id":"https:\/\/ppcbeton.ro\/#organization"},"potentialAction":[{"@type":"SearchAction","target":{"@type":"EntryPoint","urlTemplate":"https:\/\/ppcbeton.ro\/?s={search_term_string}"},"query-input":{"@type":"PropertyValueSpecification","valueRequired":true,"valueName":"search_term_string"}}],"inLanguage":"hu"},{"@type":"Organization","@id":"https:\/\/ppcbeton.ro\/#organization","name":"PPC Beton","url":"https:\/\/ppcbeton.ro\/","logo":{"@type":"ImageObject","inLanguage":"hu","@id":"https:\/\/ppcbeton.ro\/#\/schema\/logo\/image\/","url":"https:\/\/ppcbeton.ro\/wp-content\/uploads\/2025\/08\/Concretize-Logo-1.png","contentUrl":"https:\/\/ppcbeton.ro\/wp-content\/uploads\/2025\/08\/Concretize-Logo-1.png","width":474,"height":82,"caption":"PPC Beton"},"image":{"@id":"https:\/\/ppcbeton.ro\/#\/schema\/logo\/image\/"}}]}},"jetpack_sharing_enabled":true,"_links":{"self":[{"href":"https:\/\/ppcbeton.ro\/hu\/wp-json\/wp\/v2\/pages\/507","targetHints":{"allow":["GET"]}}],"collection":[{"href":"https:\/\/ppcbeton.ro\/hu\/wp-json\/wp\/v2\/pages"}],"about":[{"href":"https:\/\/ppcbeton.ro\/hu\/wp-json\/wp\/v2\/types\/page"}],"author":[{"embeddable":true,"href":"https:\/\/ppcbeton.ro\/hu\/wp-json\/wp\/v2\/users\/1"}],"replies":[{"embeddable":true,"href":"https:\/\/ppcbeton.ro\/hu\/wp-json\/wp\/v2\/comments?post=507"}],"version-history":[{"count":1,"href":"https:\/\/ppcbeton.ro\/hu\/wp-json\/wp\/v2\/pages\/507\/revisions"}],"predecessor-version":[{"id":563,"href":"https:\/\/ppcbeton.ro\/hu\/wp-json\/wp\/v2\/pages\/507\/revisions\/563"}],"wp:attachment":[{"href":"https:\/\/ppcbeton.ro\/hu\/wp-json\/wp\/v2\/media?parent=507"}],"curies":[{"name":"wp","href":"https:\/\/api.w.org\/{rel}","templated":true}]}}