{"id":1255,"date":"2025-09-16T17:58:07","date_gmt":"2025-09-16T17:58:07","guid":{"rendered":"https:\/\/ppcbeton.ro\/?post_type=product&#038;p=1255"},"modified":"2025-09-16T17:58:07","modified_gmt":"2025-09-16T17:58:07","slug":"beton-armat-c30-37","status":"publish","type":"product","link":"https:\/\/ppcbeton.ro\/hu\/product\/beton-armat-c30-37\/","title":{"rendered":"Beton Armat C30\/37"},"content":{"rendered":"<p>Special creat pentru construc\u021bii industriale \u0219i structuri masive, betonul armat C30\/37 asigur\u0103 durabilitate \u0219i rezisten\u021b\u0103 la solicit\u0103ri intense. Recomandat pentru poduri, drumuri \u0219i cl\u0103diri cu regim \u00eenalt.<\/p>","protected":false},"excerpt":{"rendered":"<p>Special creat pentru construc\u021bii industriale \u0219i structuri masive, betonul armat C30\/37 asigur\u0103 durabilitate \u0219i rezisten\u021b\u0103 la solicit\u0103ri intense. Recomandat pentru poduri, drumuri \u0219i cl\u0103diri cu regim \u00eenalt.<\/p>","protected":false},"featured_media":117,"comment_status":"open","ping_status":"closed","template":"","meta":{"pagelayer_contact_templates":[],"_pagelayer_content":"","_monsterinsights_skip_tracking":false,"_monsterinsights_sitenote_active":false,"_monsterinsights_sitenote_note":"","_monsterinsights_sitenote_category":0},"product_brand":[],"product_cat":[24],"product_tag":[],"class_list":{"0":"post-1255","1":"product","2":"type-product","3":"status-publish","4":"has-post-thumbnail","6":"product_cat-uncategorized","8":"first","9":"instock","10":"taxable","11":"shipping-taxable","12":"product-type-simple"},"yoast_head":"<!-- This site is optimized with the Yoast SEO plugin v27.4 - https:\/\/yoast.com\/product\/yoast-seo-wordpress\/ -->\n<title>Beton Armat C30\/37 - PPC Beton<\/title>\n<meta name=\"description\" content=\"Beton armat C30\/37 \u2013 rezisten\u021b\u0103 superioar\u0103 pentru construc\u021bii industriale \u0219i infrastructur\u0103. Produc\u021bie controlat\u0103 \u0219i transport sigur la \u0219antier.\" \/>\n<meta name=\"robots\" content=\"index, follow, max-snippet:-1, max-image-preview:large, max-video-preview:-1\" \/>\n<link rel=\"canonical\" href=\"https:\/\/ppcbeton.ro\/hu\/product\/beton-armat-c30-37\/\" \/>\n<meta property=\"og:locale\" content=\"hu_HU\" \/>\n<meta property=\"og:type\" content=\"article\" \/>\n<meta property=\"og:title\" content=\"Beton Armat C30\/37 - PPC Beton\" \/>\n<meta property=\"og:description\" content=\"Beton armat C30\/37 \u2013 rezisten\u021b\u0103 superioar\u0103 pentru construc\u021bii industriale \u0219i infrastructur\u0103. Produc\u021bie controlat\u0103 \u0219i transport sigur la \u0219antier.\" \/>\n<meta property=\"og:url\" content=\"https:\/\/ppcbeton.ro\/hu\/product\/beton-armat-c30-37\/\" \/>\n<meta property=\"og:site_name\" content=\"PPC Beton\" \/>\n<meta property=\"og:image\" content=\"https:\/\/ppcbeton.ro\/wp-content\/uploads\/2025\/08\/male-engineers-are-inspecting-and-controlling-the-2025-03-15-05-51-00-utc-1.jpg\" \/>\n\t<meta property=\"og:image:width\" content=\"600\" \/>\n\t<meta property=\"og:image:height\" content=\"348\" \/>\n\t<meta property=\"og:image:type\" content=\"image\/jpeg\" \/>\n<meta name=\"twitter:card\" content=\"summary_large_image\" \/>\n<meta name=\"twitter:label1\" content=\"Becs\u00fclt olvas\u00e1si id\u0151\" \/>\n\t<meta name=\"twitter:data1\" content=\"1 perc\" \/>\n<script type=\"application\/ld+json\" class=\"yoast-schema-graph\">{\"@context\":\"https:\\\/\\\/schema.org\",\"@graph\":[{\"@type\":\"WebPage\",\"@id\":\"https:\\\/\\\/ppcbeton.ro\\\/product\\\/beton-armat-c30-37\\\/\",\"url\":\"https:\\\/\\\/ppcbeton.ro\\\/product\\\/beton-armat-c30-37\\\/\",\"name\":\"Beton Armat C30\\\/37 - PPC Beton\",\"isPartOf\":{\"@id\":\"https:\\\/\\\/ppcbeton.ro\\\/#website\"},\"primaryImageOfPage\":{\"@id\":\"https:\\\/\\\/ppcbeton.ro\\\/product\\\/beton-armat-c30-37\\\/#primaryimage\"},\"image\":{\"@id\":\"https:\\\/\\\/ppcbeton.ro\\\/product\\\/beton-armat-c30-37\\\/#primaryimage\"},\"thumbnailUrl\":\"https:\\\/\\\/ppcbeton.ro\\\/wp-content\\\/uploads\\\/2025\\\/08\\\/male-engineers-are-inspecting-and-controlling-the-2025-03-15-05-51-00-utc-1.jpg\",\"datePublished\":\"2025-09-16T17:58:07+00:00\",\"description\":\"Beton armat C30\\\/37 \u2013 rezisten\u021b\u0103 superioar\u0103 pentru construc\u021bii industriale \u0219i infrastructur\u0103. Produc\u021bie controlat\u0103 \u0219i transport sigur la \u0219antier.\",\"breadcrumb\":{\"@id\":\"https:\\\/\\\/ppcbeton.ro\\\/product\\\/beton-armat-c30-37\\\/#breadcrumb\"},\"inLanguage\":\"hu\",\"potentialAction\":[{\"@type\":\"ReadAction\",\"target\":[\"https:\\\/\\\/ppcbeton.ro\\\/product\\\/beton-armat-c30-37\\\/\"]}]},{\"@type\":\"ImageObject\",\"inLanguage\":\"hu\",\"@id\":\"https:\\\/\\\/ppcbeton.ro\\\/product\\\/beton-armat-c30-37\\\/#primaryimage\",\"url\":\"https:\\\/\\\/ppcbeton.ro\\\/wp-content\\\/uploads\\\/2025\\\/08\\\/male-engineers-are-inspecting-and-controlling-the-2025-03-15-05-51-00-utc-1.jpg\",\"contentUrl\":\"https:\\\/\\\/ppcbeton.ro\\\/wp-content\\\/uploads\\\/2025\\\/08\\\/male-engineers-are-inspecting-and-controlling-the-2025-03-15-05-51-00-utc-1.jpg\",\"width\":600,\"height\":348},{\"@type\":\"BreadcrumbList\",\"@id\":\"https:\\\/\\\/ppcbeton.ro\\\/product\\\/beton-armat-c30-37\\\/#breadcrumb\",\"itemListElement\":[{\"@type\":\"ListItem\",\"position\":1,\"name\":\"Home\",\"item\":\"https:\\\/\\\/ppcbeton.ro\\\/\"},{\"@type\":\"ListItem\",\"position\":2,\"name\":\"Magazin\",\"item\":\"https:\\\/\\\/ppcbeton.ro\\\/magazin\\\/\"},{\"@type\":\"ListItem\",\"position\":3,\"name\":\"Beton Armat C30\\\/37\"}]},{\"@type\":\"WebSite\",\"@id\":\"https:\\\/\\\/ppcbeton.ro\\\/#website\",\"url\":\"https:\\\/\\\/ppcbeton.ro\\\/\",\"name\":\"PPC Beton\",\"description\":\"Beton durabil. Viitor sustenabil.\",\"publisher\":{\"@id\":\"https:\\\/\\\/ppcbeton.ro\\\/#organization\"},\"potentialAction\":[{\"@type\":\"SearchAction\",\"target\":{\"@type\":\"EntryPoint\",\"urlTemplate\":\"https:\\\/\\\/ppcbeton.ro\\\/?s={search_term_string}\"},\"query-input\":{\"@type\":\"PropertyValueSpecification\",\"valueRequired\":true,\"valueName\":\"search_term_string\"}}],\"inLanguage\":\"hu\"},{\"@type\":\"Organization\",\"@id\":\"https:\\\/\\\/ppcbeton.ro\\\/#organization\",\"name\":\"PPC Beton\",\"url\":\"https:\\\/\\\/ppcbeton.ro\\\/\",\"logo\":{\"@type\":\"ImageObject\",\"inLanguage\":\"hu\",\"@id\":\"https:\\\/\\\/ppcbeton.ro\\\/#\\\/schema\\\/logo\\\/image\\\/\",\"url\":\"https:\\\/\\\/ppcbeton.ro\\\/wp-content\\\/uploads\\\/2025\\\/08\\\/Concretize-Logo-1.png\",\"contentUrl\":\"https:\\\/\\\/ppcbeton.ro\\\/wp-content\\\/uploads\\\/2025\\\/08\\\/Concretize-Logo-1.png\",\"width\":474,\"height\":82,\"caption\":\"PPC Beton\"},\"image\":{\"@id\":\"https:\\\/\\\/ppcbeton.ro\\\/#\\\/schema\\\/logo\\\/image\\\/\"}}]}<\/script>\n<!-- \/ Yoast SEO plugin. -->","yoast_head_json":{"title":"Beton Armat C30\/37 - PPC Beton","description":"Beton armat C30\/37 \u2013 rezisten\u021b\u0103 superioar\u0103 pentru construc\u021bii industriale \u0219i infrastructur\u0103. Produc\u021bie controlat\u0103 \u0219i transport sigur la \u0219antier.","robots":{"index":"index","follow":"follow","max-snippet":"max-snippet:-1","max-image-preview":"max-image-preview:large","max-video-preview":"max-video-preview:-1"},"canonical":"https:\/\/ppcbeton.ro\/hu\/product\/beton-armat-c30-37\/","og_locale":"hu_HU","og_type":"article","og_title":"Beton Armat C30\/37 - PPC Beton","og_description":"Beton armat C30\/37 \u2013 rezisten\u021b\u0103 superioar\u0103 pentru construc\u021bii industriale \u0219i infrastructur\u0103. Produc\u021bie controlat\u0103 \u0219i transport sigur la \u0219antier.","og_url":"https:\/\/ppcbeton.ro\/hu\/product\/beton-armat-c30-37\/","og_site_name":"PPC Beton","og_image":[{"width":600,"height":348,"url":"https:\/\/ppcbeton.ro\/wp-content\/uploads\/2025\/08\/male-engineers-are-inspecting-and-controlling-the-2025-03-15-05-51-00-utc-1.jpg","type":"image\/jpeg"}],"twitter_card":"summary_large_image","twitter_misc":{"Becs\u00fclt olvas\u00e1si id\u0151":"1 perc"},"schema":{"@context":"https:\/\/schema.org","@graph":[{"@type":"WebPage","@id":"https:\/\/ppcbeton.ro\/product\/beton-armat-c30-37\/","url":"https:\/\/ppcbeton.ro\/product\/beton-armat-c30-37\/","name":"Beton Armat C30\/37 - PPC Beton","isPartOf":{"@id":"https:\/\/ppcbeton.ro\/#website"},"primaryImageOfPage":{"@id":"https:\/\/ppcbeton.ro\/product\/beton-armat-c30-37\/#primaryimage"},"image":{"@id":"https:\/\/ppcbeton.ro\/product\/beton-armat-c30-37\/#primaryimage"},"thumbnailUrl":"https:\/\/ppcbeton.ro\/wp-content\/uploads\/2025\/08\/male-engineers-are-inspecting-and-controlling-the-2025-03-15-05-51-00-utc-1.jpg","datePublished":"2025-09-16T17:58:07+00:00","description":"Beton armat C30\/37 \u2013 rezisten\u021b\u0103 superioar\u0103 pentru construc\u021bii industriale \u0219i infrastructur\u0103. Produc\u021bie controlat\u0103 \u0219i transport sigur la \u0219antier.","breadcrumb":{"@id":"https:\/\/ppcbeton.ro\/product\/beton-armat-c30-37\/#breadcrumb"},"inLanguage":"hu","potentialAction":[{"@type":"ReadAction","target":["https:\/\/ppcbeton.ro\/product\/beton-armat-c30-37\/"]}]},{"@type":"ImageObject","inLanguage":"hu","@id":"https:\/\/ppcbeton.ro\/product\/beton-armat-c30-37\/#primaryimage","url":"https:\/\/ppcbeton.ro\/wp-content\/uploads\/2025\/08\/male-engineers-are-inspecting-and-controlling-the-2025-03-15-05-51-00-utc-1.jpg","contentUrl":"https:\/\/ppcbeton.ro\/wp-content\/uploads\/2025\/08\/male-engineers-are-inspecting-and-controlling-the-2025-03-15-05-51-00-utc-1.jpg","width":600,"height":348},{"@type":"BreadcrumbList","@id":"https:\/\/ppcbeton.ro\/product\/beton-armat-c30-37\/#breadcrumb","itemListElement":[{"@type":"ListItem","position":1,"name":"Home","item":"https:\/\/ppcbeton.ro\/"},{"@type":"ListItem","position":2,"name":"Magazin","item":"https:\/\/ppcbeton.ro\/magazin\/"},{"@type":"ListItem","position":3,"name":"Beton Armat C30\/37"}]},{"@type":"WebSite","@id":"https:\/\/ppcbeton.ro\/#website","url":"https:\/\/ppcbeton.ro\/","name":"PPC Beton","description":"Tart\u00f3s beton. Fenntarthat\u00f3 j\u00f6v\u0151","publisher":{"@id":"https:\/\/ppcbeton.ro\/#organization"},"potentialAction":[{"@type":"SearchAction","target":{"@type":"EntryPoint","urlTemplate":"https:\/\/ppcbeton.ro\/?s={search_term_string}"},"query-input":{"@type":"PropertyValueSpecification","valueRequired":true,"valueName":"search_term_string"}}],"inLanguage":"hu"},{"@type":"Organization","@id":"https:\/\/ppcbeton.ro\/#organization","name":"PPC Beton","url":"https:\/\/ppcbeton.ro\/","logo":{"@type":"ImageObject","inLanguage":"hu","@id":"https:\/\/ppcbeton.ro\/#\/schema\/logo\/image\/","url":"https:\/\/ppcbeton.ro\/wp-content\/uploads\/2025\/08\/Concretize-Logo-1.png","contentUrl":"https:\/\/ppcbeton.ro\/wp-content\/uploads\/2025\/08\/Concretize-Logo-1.png","width":474,"height":82,"caption":"PPC Beton"},"image":{"@id":"https:\/\/ppcbeton.ro\/#\/schema\/logo\/image\/"}}]}},"jetpack_sharing_enabled":true,"_links":{"self":[{"href":"https:\/\/ppcbeton.ro\/hu\/wp-json\/wp\/v2\/product\/1255","targetHints":{"allow":["GET"]}}],"collection":[{"href":"https:\/\/ppcbeton.ro\/hu\/wp-json\/wp\/v2\/product"}],"about":[{"href":"https:\/\/ppcbeton.ro\/hu\/wp-json\/wp\/v2\/types\/product"}],"replies":[{"embeddable":true,"href":"https:\/\/ppcbeton.ro\/hu\/wp-json\/wp\/v2\/comments?post=1255"}],"wp:featuredmedia":[{"embeddable":true,"href":"https:\/\/ppcbeton.ro\/hu\/wp-json\/wp\/v2\/media\/117"}],"wp:attachment":[{"href":"https:\/\/ppcbeton.ro\/hu\/wp-json\/wp\/v2\/media?parent=1255"}],"wp:term":[{"taxonomy":"product_brand","embeddable":true,"href":"https:\/\/ppcbeton.ro\/hu\/wp-json\/wp\/v2\/product_brand?post=1255"},{"taxonomy":"product_cat","embeddable":true,"href":"https:\/\/ppcbeton.ro\/hu\/wp-json\/wp\/v2\/product_cat?post=1255"},{"taxonomy":"product_tag","embeddable":true,"href":"https:\/\/ppcbeton.ro\/hu\/wp-json\/wp\/v2\/product_tag?post=1255"}],"curies":[{"name":"wp","href":"https:\/\/api.w.org\/{rel}","templated":true}]}}