{"id":1258,"date":"2025-09-16T17:59:29","date_gmt":"2025-09-16T17:59:29","guid":{"rendered":"https:\/\/ppcbeton.ro\/?post_type=product&#038;p=1258"},"modified":"2025-09-16T18:05:30","modified_gmt":"2025-09-16T18:05:30","slug":"beton-rutier","status":"publish","type":"product","link":"https:\/\/ppcbeton.ro\/hu\/product\/beton-rutier\/","title":{"rendered":"Beton Rutier"},"content":{"rendered":"<p>Beton proiectat pentru drumuri, autostr\u0103zi \u0219i platforme cu trafic greu. Formula sa special\u0103 asigur\u0103 rezisten\u021b\u0103 sporit\u0103 la uzur\u0103, fisuri \u0219i condi\u021bii meteo extreme.<\/p>","protected":false},"excerpt":{"rendered":"<p>Beton proiectat pentru drumuri, autostr\u0103zi \u0219i platforme cu trafic greu. Formula sa special\u0103 asigur\u0103 rezisten\u021b\u0103 sporit\u0103 la uzur\u0103, fisuri \u0219i condi\u021bii meteo extreme.<\/p>","protected":false},"featured_media":105,"comment_status":"open","ping_status":"closed","template":"","meta":{"pagelayer_contact_templates":[],"_pagelayer_content":"","_monsterinsights_skip_tracking":false,"_monsterinsights_sitenote_active":false,"_monsterinsights_sitenote_note":"","_monsterinsights_sitenote_category":0},"product_brand":[],"product_cat":[24],"product_tag":[],"class_list":{"0":"post-1258","1":"product","2":"type-product","3":"status-publish","4":"has-post-thumbnail","6":"product_cat-uncategorized","8":"first","9":"instock","10":"sale","11":"taxable","12":"shipping-taxable","13":"purchasable","14":"product-type-simple"},"yoast_head":"<!-- This site is optimized with the Yoast SEO plugin v27.4 - https:\/\/yoast.com\/product\/yoast-seo-wordpress\/ -->\n<title>Beton Rutier - PPC Beton<\/title>\n<meta name=\"description\" content=\"Beton rutier de \u00eenalt\u0103 rezisten\u021b\u0103, ideal pentru drumuri \u0219i platforme industriale. Durabilitate dovedit\u0103 \u0219i livrare rapid\u0103 din sta\u021bia PPC Beton.\" \/>\n<meta name=\"robots\" content=\"index, follow, max-snippet:-1, max-image-preview:large, max-video-preview:-1\" \/>\n<link rel=\"canonical\" href=\"https:\/\/ppcbeton.ro\/hu\/product\/beton-rutier\/\" \/>\n<meta property=\"og:locale\" content=\"hu_HU\" \/>\n<meta property=\"og:type\" content=\"article\" \/>\n<meta property=\"og:title\" content=\"Beton Rutier - PPC Beton\" \/>\n<meta property=\"og:description\" content=\"Beton rutier de \u00eenalt\u0103 rezisten\u021b\u0103, ideal pentru drumuri \u0219i platforme industriale. Durabilitate dovedit\u0103 \u0219i livrare rapid\u0103 din sta\u021bia PPC Beton.\" \/>\n<meta property=\"og:url\" content=\"https:\/\/ppcbeton.ro\/hu\/product\/beton-rutier\/\" \/>\n<meta property=\"og:site_name\" content=\"PPC Beton\" \/>\n<meta property=\"article:modified_time\" content=\"2025-09-16T18:05:30+00:00\" \/>\n<meta property=\"og:image\" content=\"https:\/\/ppcbeton.ro\/wp-content\/uploads\/2025\/08\/city-path-in-the-park-with-a-nature-view-2025-03-18-10-20-05-utc-1.jpg\" \/>\n\t<meta property=\"og:image:width\" content=\"406\" \/>\n\t<meta property=\"og:image:height\" content=\"306\" \/>\n\t<meta property=\"og:image:type\" content=\"image\/jpeg\" \/>\n<meta name=\"twitter:card\" content=\"summary_large_image\" \/>\n<meta name=\"twitter:label1\" content=\"Becs\u00fclt olvas\u00e1si id\u0151\" \/>\n\t<meta name=\"twitter:data1\" content=\"1 perc\" \/>\n<script type=\"application\/ld+json\" class=\"yoast-schema-graph\">{\"@context\":\"https:\\\/\\\/schema.org\",\"@graph\":[{\"@type\":\"WebPage\",\"@id\":\"https:\\\/\\\/ppcbeton.ro\\\/product\\\/beton-rutier\\\/\",\"url\":\"https:\\\/\\\/ppcbeton.ro\\\/product\\\/beton-rutier\\\/\",\"name\":\"Beton Rutier - PPC Beton\",\"isPartOf\":{\"@id\":\"https:\\\/\\\/ppcbeton.ro\\\/#website\"},\"primaryImageOfPage\":{\"@id\":\"https:\\\/\\\/ppcbeton.ro\\\/product\\\/beton-rutier\\\/#primaryimage\"},\"image\":{\"@id\":\"https:\\\/\\\/ppcbeton.ro\\\/product\\\/beton-rutier\\\/#primaryimage\"},\"thumbnailUrl\":\"https:\\\/\\\/ppcbeton.ro\\\/wp-content\\\/uploads\\\/2025\\\/08\\\/city-path-in-the-park-with-a-nature-view-2025-03-18-10-20-05-utc-1.jpg\",\"datePublished\":\"2025-09-16T17:59:29+00:00\",\"dateModified\":\"2025-09-16T18:05:30+00:00\",\"description\":\"Beton rutier de \u00eenalt\u0103 rezisten\u021b\u0103, ideal pentru drumuri \u0219i platforme industriale. Durabilitate dovedit\u0103 \u0219i livrare rapid\u0103 din sta\u021bia PPC Beton.\",\"breadcrumb\":{\"@id\":\"https:\\\/\\\/ppcbeton.ro\\\/product\\\/beton-rutier\\\/#breadcrumb\"},\"inLanguage\":\"hu\",\"potentialAction\":[{\"@type\":\"ReadAction\",\"target\":[\"https:\\\/\\\/ppcbeton.ro\\\/product\\\/beton-rutier\\\/\"]}]},{\"@type\":\"ImageObject\",\"inLanguage\":\"hu\",\"@id\":\"https:\\\/\\\/ppcbeton.ro\\\/product\\\/beton-rutier\\\/#primaryimage\",\"url\":\"https:\\\/\\\/ppcbeton.ro\\\/wp-content\\\/uploads\\\/2025\\\/08\\\/city-path-in-the-park-with-a-nature-view-2025-03-18-10-20-05-utc-1.jpg\",\"contentUrl\":\"https:\\\/\\\/ppcbeton.ro\\\/wp-content\\\/uploads\\\/2025\\\/08\\\/city-path-in-the-park-with-a-nature-view-2025-03-18-10-20-05-utc-1.jpg\",\"width\":406,\"height\":306},{\"@type\":\"BreadcrumbList\",\"@id\":\"https:\\\/\\\/ppcbeton.ro\\\/product\\\/beton-rutier\\\/#breadcrumb\",\"itemListElement\":[{\"@type\":\"ListItem\",\"position\":1,\"name\":\"Home\",\"item\":\"https:\\\/\\\/ppcbeton.ro\\\/\"},{\"@type\":\"ListItem\",\"position\":2,\"name\":\"Magazin\",\"item\":\"https:\\\/\\\/ppcbeton.ro\\\/magazin\\\/\"},{\"@type\":\"ListItem\",\"position\":3,\"name\":\"Beton Rutier\"}]},{\"@type\":\"WebSite\",\"@id\":\"https:\\\/\\\/ppcbeton.ro\\\/#website\",\"url\":\"https:\\\/\\\/ppcbeton.ro\\\/\",\"name\":\"PPC Beton\",\"description\":\"Beton durabil. Viitor sustenabil.\",\"publisher\":{\"@id\":\"https:\\\/\\\/ppcbeton.ro\\\/#organization\"},\"potentialAction\":[{\"@type\":\"SearchAction\",\"target\":{\"@type\":\"EntryPoint\",\"urlTemplate\":\"https:\\\/\\\/ppcbeton.ro\\\/?s={search_term_string}\"},\"query-input\":{\"@type\":\"PropertyValueSpecification\",\"valueRequired\":true,\"valueName\":\"search_term_string\"}}],\"inLanguage\":\"hu\"},{\"@type\":\"Organization\",\"@id\":\"https:\\\/\\\/ppcbeton.ro\\\/#organization\",\"name\":\"PPC Beton\",\"url\":\"https:\\\/\\\/ppcbeton.ro\\\/\",\"logo\":{\"@type\":\"ImageObject\",\"inLanguage\":\"hu\",\"@id\":\"https:\\\/\\\/ppcbeton.ro\\\/#\\\/schema\\\/logo\\\/image\\\/\",\"url\":\"https:\\\/\\\/ppcbeton.ro\\\/wp-content\\\/uploads\\\/2025\\\/08\\\/Concretize-Logo-1.png\",\"contentUrl\":\"https:\\\/\\\/ppcbeton.ro\\\/wp-content\\\/uploads\\\/2025\\\/08\\\/Concretize-Logo-1.png\",\"width\":474,\"height\":82,\"caption\":\"PPC Beton\"},\"image\":{\"@id\":\"https:\\\/\\\/ppcbeton.ro\\\/#\\\/schema\\\/logo\\\/image\\\/\"}}]}<\/script>\n<!-- \/ Yoast SEO plugin. -->","yoast_head_json":{"title":"Beton Rutier - PPC Beton","description":"Beton rutier de \u00eenalt\u0103 rezisten\u021b\u0103, ideal pentru drumuri \u0219i platforme industriale. Durabilitate dovedit\u0103 \u0219i livrare rapid\u0103 din sta\u021bia PPC Beton.","robots":{"index":"index","follow":"follow","max-snippet":"max-snippet:-1","max-image-preview":"max-image-preview:large","max-video-preview":"max-video-preview:-1"},"canonical":"https:\/\/ppcbeton.ro\/hu\/product\/beton-rutier\/","og_locale":"hu_HU","og_type":"article","og_title":"Beton Rutier - PPC Beton","og_description":"Beton rutier de \u00eenalt\u0103 rezisten\u021b\u0103, ideal pentru drumuri \u0219i platforme industriale. Durabilitate dovedit\u0103 \u0219i livrare rapid\u0103 din sta\u021bia PPC Beton.","og_url":"https:\/\/ppcbeton.ro\/hu\/product\/beton-rutier\/","og_site_name":"PPC Beton","article_modified_time":"2025-09-16T18:05:30+00:00","og_image":[{"width":406,"height":306,"url":"https:\/\/ppcbeton.ro\/wp-content\/uploads\/2025\/08\/city-path-in-the-park-with-a-nature-view-2025-03-18-10-20-05-utc-1.jpg","type":"image\/jpeg"}],"twitter_card":"summary_large_image","twitter_misc":{"Becs\u00fclt olvas\u00e1si id\u0151":"1 perc"},"schema":{"@context":"https:\/\/schema.org","@graph":[{"@type":"WebPage","@id":"https:\/\/ppcbeton.ro\/product\/beton-rutier\/","url":"https:\/\/ppcbeton.ro\/product\/beton-rutier\/","name":"Beton Rutier - PPC Beton","isPartOf":{"@id":"https:\/\/ppcbeton.ro\/#website"},"primaryImageOfPage":{"@id":"https:\/\/ppcbeton.ro\/product\/beton-rutier\/#primaryimage"},"image":{"@id":"https:\/\/ppcbeton.ro\/product\/beton-rutier\/#primaryimage"},"thumbnailUrl":"https:\/\/ppcbeton.ro\/wp-content\/uploads\/2025\/08\/city-path-in-the-park-with-a-nature-view-2025-03-18-10-20-05-utc-1.jpg","datePublished":"2025-09-16T17:59:29+00:00","dateModified":"2025-09-16T18:05:30+00:00","description":"Beton rutier de \u00eenalt\u0103 rezisten\u021b\u0103, ideal pentru drumuri \u0219i platforme industriale. Durabilitate dovedit\u0103 \u0219i livrare rapid\u0103 din sta\u021bia PPC Beton.","breadcrumb":{"@id":"https:\/\/ppcbeton.ro\/product\/beton-rutier\/#breadcrumb"},"inLanguage":"hu","potentialAction":[{"@type":"ReadAction","target":["https:\/\/ppcbeton.ro\/product\/beton-rutier\/"]}]},{"@type":"ImageObject","inLanguage":"hu","@id":"https:\/\/ppcbeton.ro\/product\/beton-rutier\/#primaryimage","url":"https:\/\/ppcbeton.ro\/wp-content\/uploads\/2025\/08\/city-path-in-the-park-with-a-nature-view-2025-03-18-10-20-05-utc-1.jpg","contentUrl":"https:\/\/ppcbeton.ro\/wp-content\/uploads\/2025\/08\/city-path-in-the-park-with-a-nature-view-2025-03-18-10-20-05-utc-1.jpg","width":406,"height":306},{"@type":"BreadcrumbList","@id":"https:\/\/ppcbeton.ro\/product\/beton-rutier\/#breadcrumb","itemListElement":[{"@type":"ListItem","position":1,"name":"Home","item":"https:\/\/ppcbeton.ro\/"},{"@type":"ListItem","position":2,"name":"Magazin","item":"https:\/\/ppcbeton.ro\/magazin\/"},{"@type":"ListItem","position":3,"name":"Beton Rutier"}]},{"@type":"WebSite","@id":"https:\/\/ppcbeton.ro\/#website","url":"https:\/\/ppcbeton.ro\/","name":"PPC Beton","description":"Tart\u00f3s beton. Fenntarthat\u00f3 j\u00f6v\u0151","publisher":{"@id":"https:\/\/ppcbeton.ro\/#organization"},"potentialAction":[{"@type":"SearchAction","target":{"@type":"EntryPoint","urlTemplate":"https:\/\/ppcbeton.ro\/?s={search_term_string}"},"query-input":{"@type":"PropertyValueSpecification","valueRequired":true,"valueName":"search_term_string"}}],"inLanguage":"hu"},{"@type":"Organization","@id":"https:\/\/ppcbeton.ro\/#organization","name":"PPC Beton","url":"https:\/\/ppcbeton.ro\/","logo":{"@type":"ImageObject","inLanguage":"hu","@id":"https:\/\/ppcbeton.ro\/#\/schema\/logo\/image\/","url":"https:\/\/ppcbeton.ro\/wp-content\/uploads\/2025\/08\/Concretize-Logo-1.png","contentUrl":"https:\/\/ppcbeton.ro\/wp-content\/uploads\/2025\/08\/Concretize-Logo-1.png","width":474,"height":82,"caption":"PPC Beton"},"image":{"@id":"https:\/\/ppcbeton.ro\/#\/schema\/logo\/image\/"}}]}},"jetpack_sharing_enabled":true,"_links":{"self":[{"href":"https:\/\/ppcbeton.ro\/hu\/wp-json\/wp\/v2\/product\/1258","targetHints":{"allow":["GET"]}}],"collection":[{"href":"https:\/\/ppcbeton.ro\/hu\/wp-json\/wp\/v2\/product"}],"about":[{"href":"https:\/\/ppcbeton.ro\/hu\/wp-json\/wp\/v2\/types\/product"}],"replies":[{"embeddable":true,"href":"https:\/\/ppcbeton.ro\/hu\/wp-json\/wp\/v2\/comments?post=1258"}],"wp:featuredmedia":[{"embeddable":true,"href":"https:\/\/ppcbeton.ro\/hu\/wp-json\/wp\/v2\/media\/105"}],"wp:attachment":[{"href":"https:\/\/ppcbeton.ro\/hu\/wp-json\/wp\/v2\/media?parent=1258"}],"wp:term":[{"taxonomy":"product_brand","embeddable":true,"href":"https:\/\/ppcbeton.ro\/hu\/wp-json\/wp\/v2\/product_brand?post=1258"},{"taxonomy":"product_cat","embeddable":true,"href":"https:\/\/ppcbeton.ro\/hu\/wp-json\/wp\/v2\/product_cat?post=1258"},{"taxonomy":"product_tag","embeddable":true,"href":"https:\/\/ppcbeton.ro\/hu\/wp-json\/wp\/v2\/product_tag?post=1258"}],"curies":[{"name":"wp","href":"https:\/\/api.w.org\/{rel}","templated":true}]}}